{"id":4812,"date":"2023-07-02T17:01:39","date_gmt":"2023-07-02T17:01:39","guid":{"rendered":"https:\/\/sadadevelop.com\/our_portfolio\/"},"modified":"2023-07-03T20:30:17","modified_gmt":"2023-07-03T20:30:17","slug":"our_portfolio","status":"publish","type":"page","link":"https:\/\/sadadevelop.com\/en\/our_portfolio\/","title":{"rendered":"portfolio"},"content":{"rendered":"\t\t<div data-elementor-type=\"wp-page\" data-elementor-id=\"4812\" class=\"elementor elementor-4812\">\n\t\t\t\t\t\t<section class=\"elementor-section elementor-top-section elementor-element elementor-element-22e816c elementor-section-height-min-height elementor-section-stretched elementor-section-boxed elementor-section-height-default elementor-section-items-middle\" data-id=\"22e816c\" data-element_type=\"section\" data-settings=\"{&quot;stretch_section&quot;:&quot;section-stretched&quot;,&quot;background_background&quot;:&quot;classic&quot;}\">\n\t\t\t\t\t\t\t<div class=\"elementor-background-overlay\"><\/div>\n\t\t\t\t\t\t\t<div class=\"elementor-container elementor-column-gap-default\">\n\t\t\t\t\t<div class=\"elementor-column elementor-col-100 elementor-top-column elementor-element elementor-element-4c99a82\" data-id=\"4c99a82\" data-element_type=\"column\">\n\t\t\t<div class=\"elementor-widget-wrap elementor-element-populated\">\n\t\t\t\t\t\t<div class=\"elementor-element elementor-element-054dc4e elementor-align-center elementor-widget elementor-widget-heading\" data-id=\"054dc4e\" data-element_type=\"widget\" data-widget_type=\"heading.default\">\n\t\t\t\t<div class=\"elementor-widget-container\">\n\t\t\t\t\t<h2 class=\"elementor-heading-title elementor-size-default\">portfolio<\/h2>\t\t\t\t<\/div>\n\t\t\t\t<\/div>\n\t\t\t\t\t<\/div>\n\t\t<\/div>\n\t\t\t\t\t<\/div>\n\t\t<\/section>\n\t\t\t\t<section class=\"elementor-section elementor-top-section elementor-element elementor-element-e44b953 elementor-section-stretched elementor-section-boxed elementor-section-height-default elementor-section-height-default\" data-id=\"e44b953\" data-element_type=\"section\" data-settings=\"{&quot;stretch_section&quot;:&quot;section-stretched&quot;}\">\n\t\t\t\t\t\t<div class=\"elementor-container elementor-column-gap-default\">\n\t\t\t\t\t<div class=\"elementor-column elementor-col-100 elementor-top-column elementor-element elementor-element-70dba89\" data-id=\"70dba89\" data-element_type=\"column\">\n\t\t\t<div class=\"elementor-widget-wrap elementor-element-populated\">\n\t\t\t\t\t\t<section class=\"elementor-section elementor-inner-section elementor-element elementor-element-c8d540e elementor-section-boxed elementor-section-height-default elementor-section-height-default\" data-id=\"c8d540e\" data-element_type=\"section\">\n\t\t\t\t\t\t<div class=\"elementor-container elementor-column-gap-default\">\n\t\t\t\t\t<div class=\"elementor-column elementor-col-100 elementor-inner-column elementor-element elementor-element-174df8b\" data-id=\"174df8b\" data-element_type=\"column\">\n\t\t\t<div class=\"elementor-widget-wrap elementor-element-populated\">\n\t\t\t\t\t\t<div class=\"elementor-element elementor-element-533af23 elementor-widget elementor-widget-opal-image-gallery\" data-id=\"533af23\" data-element_type=\"widget\" data-widget_type=\"opal-image-gallery.default\">\n\t\t\t\t<div class=\"elementor-widget-container\">\n\t\t\t\t\t\n        <div class=\"elementor-opal-image-gallery\">\n            <div class=\"row grid isotope-grid\" data-elementor-columns=\"3\" data-elementor-columns-tablet=\"3\" data-elementor-columns-mobile=\"2\">\n                                        <div class=\"column-item grid__item masonry-item __all gallery_group_0\">\n                            <a data-elementor-open-lightbox=\"no\"                                href=\"https:\/\/sadadevelop.com\/wp-content\/uploads\/2023\/06\/pexels-wilson-vitorino-2191606.jpg\">\n                                <img decoding=\"async\" src=\"https:\/\/sadadevelop.com\/wp-content\/uploads\/2023\/06\/pexels-wilson-vitorino-2191606.jpg\"\n                                     alt=\"pexels-wilson-vitorino-2191606\"\/>\n                                <div class=\"gallery-item-overlay\">\n                                    <i class=\"opal-icon-plus\"><\/i>\n                                <\/div>\n                            <\/a>\n                        <\/div>\n                                                <div class=\"column-item grid__item masonry-item __all gallery_group_0\">\n                            <a data-elementor-open-lightbox=\"no\"                                href=\"https:\/\/sadadevelop.com\/wp-content\/uploads\/2023\/06\/pexels-heiko-ruth-7859953.jpg\">\n                                <img decoding=\"async\" src=\"https:\/\/sadadevelop.com\/wp-content\/uploads\/2023\/06\/pexels-heiko-ruth-7859953.jpg\"\n                                     alt=\"pexels-heiko-ruth-7859953\"\/>\n                                <div class=\"gallery-item-overlay\">\n                                    <i class=\"opal-icon-plus\"><\/i>\n                                <\/div>\n                            <\/a>\n                        <\/div>\n                                                <div class=\"column-item grid__item masonry-item __all gallery_group_0\">\n                            <a data-elementor-open-lightbox=\"no\"                                href=\"https:\/\/sadadevelop.com\/wp-content\/uploads\/2023\/06\/pexels-kris-lucas-3385662.jpg\">\n                                <img decoding=\"async\" src=\"https:\/\/sadadevelop.com\/wp-content\/uploads\/2023\/06\/pexels-kris-lucas-3385662.jpg\"\n                                     alt=\"pexels-kris-lucas-3385662\"\/>\n                                <div class=\"gallery-item-overlay\">\n                                    <i class=\"opal-icon-plus\"><\/i>\n                                <\/div>\n                            <\/a>\n                        <\/div>\n                                                <div class=\"column-item grid__item masonry-item __all gallery_group_0\">\n                            <a data-elementor-open-lightbox=\"no\"                                href=\"https:\/\/sadadevelop.com\/wp-content\/uploads\/2023\/06\/pexels-miguel-a-padrinan-194096.jpg\">\n                                <img decoding=\"async\" src=\"https:\/\/sadadevelop.com\/wp-content\/uploads\/2023\/06\/pexels-miguel-a-padrinan-194096.jpg\"\n                                     alt=\"pexels-miguel-\u00e1-padri\u00f1\u00e1n-194096\"\/>\n                                <div class=\"gallery-item-overlay\">\n                                    <i class=\"opal-icon-plus\"><\/i>\n                                <\/div>\n                            <\/a>\n                        <\/div>\n                                                <div class=\"column-item grid__item masonry-item __all gallery_group_0\">\n                            <a data-elementor-open-lightbox=\"no\"                                href=\"https:\/\/sadadevelop.com\/wp-content\/uploads\/2023\/06\/pexels-ono-kosuki-5974354.jpg\">\n                                <img decoding=\"async\" src=\"https:\/\/sadadevelop.com\/wp-content\/uploads\/2023\/06\/pexels-ono-kosuki-5974354.jpg\"\n                                     alt=\"pexels-ono-kosuki-5974354\"\/>\n                                <div class=\"gallery-item-overlay\">\n                                    <i class=\"opal-icon-plus\"><\/i>\n                                <\/div>\n                            <\/a>\n                        <\/div>\n                                                <div class=\"column-item grid__item masonry-item __all gallery_group_0\">\n                            <a data-elementor-open-lightbox=\"no\"                                href=\"https:\/\/sadadevelop.com\/wp-content\/uploads\/2023\/07\/pexels-mantas-sinkevicius-1106476.jpg\">\n                                <img decoding=\"async\" src=\"https:\/\/sadadevelop.com\/wp-content\/uploads\/2023\/07\/pexels-mantas-sinkevicius-1106476.jpg\"\n                                     alt=\"pexels-mantas-sinkevi\u010dius-1106476\"\/>\n                                <div class=\"gallery-item-overlay\">\n                                    <i class=\"opal-icon-plus\"><\/i>\n                                <\/div>\n                            <\/a>\n                        <\/div>\n                                                <div class=\"column-item grid__item masonry-item __all gallery_group_1\">\n                            <a data-elementor-open-lightbox=\"no\"                                href=\"https:\/\/sadadevelop.com\/wp-content\/uploads\/2023\/07\/pexels-medhat-ayad-4475921.jpg\">\n                                <img decoding=\"async\" src=\"https:\/\/sadadevelop.com\/wp-content\/uploads\/2023\/07\/pexels-medhat-ayad-4475921.jpg\"\n                                     alt=\"pexels-medhat-ayad-447592(1)\"\/>\n                                <div class=\"gallery-item-overlay\">\n                                    <i class=\"opal-icon-plus\"><\/i>\n                                <\/div>\n                            <\/a>\n                        <\/div>\n                                                <div class=\"column-item grid__item masonry-item __all gallery_group_1\">\n                            <a data-elementor-open-lightbox=\"no\"                                href=\"https:\/\/sadadevelop.com\/wp-content\/uploads\/2023\/07\/pexels-maksim-goncharenok-4352247.jpg\">\n                                <img decoding=\"async\" src=\"https:\/\/sadadevelop.com\/wp-content\/uploads\/2023\/07\/pexels-maksim-goncharenok-4352247.jpg\"\n                                     alt=\"pexels-maksim-goncharenok-4352247\"\/>\n                                <div class=\"gallery-item-overlay\">\n                                    <i class=\"opal-icon-plus\"><\/i>\n                                <\/div>\n                            <\/a>\n                        <\/div>\n                                                <div class=\"column-item grid__item masonry-item __all gallery_group_1\">\n                            <a data-elementor-open-lightbox=\"no\"                                href=\"https:\/\/sadadevelop.com\/wp-content\/uploads\/2023\/07\/pexels-vincent-rivaud-2227832.jpg\">\n                                <img decoding=\"async\" src=\"https:\/\/sadadevelop.com\/wp-content\/uploads\/2023\/07\/pexels-vincent-rivaud-2227832.jpg\"\n                                     alt=\"pexels-vincent-rivaud-2227832\"\/>\n                                <div class=\"gallery-item-overlay\">\n                                    <i class=\"opal-icon-plus\"><\/i>\n                                <\/div>\n                            <\/a>\n                        <\/div>\n                                                <div class=\"column-item grid__item masonry-item __all gallery_group_1\">\n                            <a data-elementor-open-lightbox=\"no\"                                href=\"https:\/\/sadadevelop.com\/wp-content\/uploads\/2023\/07\/pexels-jonathan-borba-55702241.jpg\">\n                                <img decoding=\"async\" src=\"https:\/\/sadadevelop.com\/wp-content\/uploads\/2023\/07\/pexels-jonathan-borba-55702241.jpg\"\n                                     alt=\"pexels-jonathan-borba-5570224(1)\"\/>\n                                <div class=\"gallery-item-overlay\">\n                                    <i class=\"opal-icon-plus\"><\/i>\n                                <\/div>\n                            <\/a>\n                        <\/div>\n                                                <div class=\"column-item grid__item masonry-item __all gallery_group_1\">\n                            <a data-elementor-open-lightbox=\"no\"                                href=\"https:\/\/sadadevelop.com\/wp-content\/uploads\/2023\/07\/pexels-ksenia-chernaya-6021777.jpg\">\n                                <img decoding=\"async\" src=\"https:\/\/sadadevelop.com\/wp-content\/uploads\/2023\/07\/pexels-ksenia-chernaya-6021777.jpg\"\n                                     alt=\"pexels-ksenia-chernaya-6021777\"\/>\n                                <div class=\"gallery-item-overlay\">\n                                    <i class=\"opal-icon-plus\"><\/i>\n                                <\/div>\n                            <\/a>\n                        <\/div>\n                                                <div class=\"column-item grid__item masonry-item __all gallery_group_1\">\n                            <a data-elementor-open-lightbox=\"no\"                                href=\"https:\/\/sadadevelop.com\/wp-content\/uploads\/2023\/07\/pexels-ksenia-chernaya-5806989.jpg\">\n                                <img decoding=\"async\" src=\"https:\/\/sadadevelop.com\/wp-content\/uploads\/2023\/07\/pexels-ksenia-chernaya-5806989.jpg\"\n                                     alt=\"pexels-ksenia-chernaya-5806989\"\/>\n                                <div class=\"gallery-item-overlay\">\n                                    <i class=\"opal-icon-plus\"><\/i>\n                                <\/div>\n                            <\/a>\n                        <\/div>\n                                                <div class=\"column-item grid__item masonry-item __all gallery_group_2\">\n                            <a data-elementor-open-lightbox=\"no\"                                href=\"https:\/\/sadadevelop.com\/wp-content\/uploads\/2023\/06\/pexels-wilson-vitorino-2191606.jpg\">\n                                <img decoding=\"async\" src=\"https:\/\/sadadevelop.com\/wp-content\/uploads\/2023\/06\/pexels-wilson-vitorino-2191606.jpg\"\n                                     alt=\"pexels-wilson-vitorino-2191606\"\/>\n                                <div class=\"gallery-item-overlay\">\n                                    <i class=\"opal-icon-plus\"><\/i>\n                                <\/div>\n                            <\/a>\n                        <\/div>\n                                                <div class=\"column-item grid__item masonry-item __all gallery_group_2\">\n                            <a data-elementor-open-lightbox=\"no\"                                href=\"https:\/\/sadadevelop.com\/wp-content\/uploads\/2023\/06\/pexels-heiko-ruth-7859953.jpg\">\n                                <img decoding=\"async\" src=\"https:\/\/sadadevelop.com\/wp-content\/uploads\/2023\/06\/pexels-heiko-ruth-7859953.jpg\"\n                                     alt=\"pexels-heiko-ruth-7859953\"\/>\n                                <div class=\"gallery-item-overlay\">\n                                    <i class=\"opal-icon-plus\"><\/i>\n                                <\/div>\n                            <\/a>\n                        <\/div>\n                                                <div class=\"column-item grid__item masonry-item __all gallery_group_2\">\n                            <a data-elementor-open-lightbox=\"no\"                                href=\"https:\/\/sadadevelop.com\/wp-content\/uploads\/2023\/06\/pexels-kris-lucas-3385662.jpg\">\n                                <img decoding=\"async\" src=\"https:\/\/sadadevelop.com\/wp-content\/uploads\/2023\/06\/pexels-kris-lucas-3385662.jpg\"\n                                     alt=\"pexels-kris-lucas-3385662\"\/>\n                                <div class=\"gallery-item-overlay\">\n                                    <i class=\"opal-icon-plus\"><\/i>\n                                <\/div>\n                            <\/a>\n                        <\/div>\n                                                <div class=\"column-item grid__item masonry-item __all gallery_group_2\">\n                            <a data-elementor-open-lightbox=\"no\"                                href=\"https:\/\/sadadevelop.com\/wp-content\/uploads\/2023\/06\/pexels-miguel-a-padrinan-194096.jpg\">\n                                <img decoding=\"async\" src=\"https:\/\/sadadevelop.com\/wp-content\/uploads\/2023\/06\/pexels-miguel-a-padrinan-194096.jpg\"\n                                     alt=\"pexels-miguel-\u00e1-padri\u00f1\u00e1n-194096\"\/>\n                                <div class=\"gallery-item-overlay\">\n                                    <i class=\"opal-icon-plus\"><\/i>\n                                <\/div>\n                            <\/a>\n                        <\/div>\n                                                <div class=\"column-item grid__item masonry-item __all gallery_group_2\">\n                            <a data-elementor-open-lightbox=\"no\"                                href=\"https:\/\/sadadevelop.com\/wp-content\/uploads\/2023\/06\/pexels-ono-kosuki-5974354.jpg\">\n                                <img decoding=\"async\" src=\"https:\/\/sadadevelop.com\/wp-content\/uploads\/2023\/06\/pexels-ono-kosuki-5974354.jpg\"\n                                     alt=\"pexels-ono-kosuki-5974354\"\/>\n                                <div class=\"gallery-item-overlay\">\n                                    <i class=\"opal-icon-plus\"><\/i>\n                                <\/div>\n                            <\/a>\n                        <\/div>\n                                                <div class=\"column-item grid__item masonry-item __all gallery_group_2\">\n                            <a data-elementor-open-lightbox=\"no\"                                href=\"https:\/\/sadadevelop.com\/wp-content\/uploads\/2023\/07\/pexels-mantas-sinkevicius-1106476.jpg\">\n                                <img decoding=\"async\" src=\"https:\/\/sadadevelop.com\/wp-content\/uploads\/2023\/07\/pexels-mantas-sinkevicius-1106476.jpg\"\n                                     alt=\"pexels-mantas-sinkevi\u010dius-1106476\"\/>\n                                <div class=\"gallery-item-overlay\">\n                                    <i class=\"opal-icon-plus\"><\/i>\n                                <\/div>\n                            <\/a>\n                        <\/div>\n                                                <div class=\"column-item grid__item masonry-item __all gallery_group_3\">\n                            <a data-elementor-open-lightbox=\"no\"                                href=\"https:\/\/sadadevelop.com\/wp-content\/uploads\/2023\/07\/pexels-medhat-ayad-4475921.jpg\">\n                                <img decoding=\"async\" src=\"https:\/\/sadadevelop.com\/wp-content\/uploads\/2023\/07\/pexels-medhat-ayad-4475921.jpg\"\n                                     alt=\"pexels-medhat-ayad-447592(1)\"\/>\n                                <div class=\"gallery-item-overlay\">\n                                    <i class=\"opal-icon-plus\"><\/i>\n                                <\/div>\n                            <\/a>\n                        <\/div>\n                                                <div class=\"column-item grid__item masonry-item __all gallery_group_3\">\n                            <a data-elementor-open-lightbox=\"no\"                                href=\"https:\/\/sadadevelop.com\/wp-content\/uploads\/2023\/07\/pexels-maksim-goncharenok-4352247.jpg\">\n                                <img decoding=\"async\" src=\"https:\/\/sadadevelop.com\/wp-content\/uploads\/2023\/07\/pexels-maksim-goncharenok-4352247.jpg\"\n                                     alt=\"pexels-maksim-goncharenok-4352247\"\/>\n                                <div class=\"gallery-item-overlay\">\n                                    <i class=\"opal-icon-plus\"><\/i>\n                                <\/div>\n                            <\/a>\n                        <\/div>\n                                                <div class=\"column-item grid__item masonry-item __all gallery_group_3\">\n                            <a data-elementor-open-lightbox=\"no\"                                href=\"https:\/\/sadadevelop.com\/wp-content\/uploads\/2023\/07\/pexels-vincent-rivaud-2227832.jpg\">\n                                <img decoding=\"async\" src=\"https:\/\/sadadevelop.com\/wp-content\/uploads\/2023\/07\/pexels-vincent-rivaud-2227832.jpg\"\n                                     alt=\"pexels-vincent-rivaud-2227832\"\/>\n                                <div class=\"gallery-item-overlay\">\n                                    <i class=\"opal-icon-plus\"><\/i>\n                                <\/div>\n                            <\/a>\n                        <\/div>\n                                                <div class=\"column-item grid__item masonry-item __all gallery_group_3\">\n                            <a data-elementor-open-lightbox=\"no\"                                href=\"https:\/\/sadadevelop.com\/wp-content\/uploads\/2023\/07\/pexels-jonathan-borba-55702241.jpg\">\n                                <img decoding=\"async\" src=\"https:\/\/sadadevelop.com\/wp-content\/uploads\/2023\/07\/pexels-jonathan-borba-55702241.jpg\"\n                                     alt=\"pexels-jonathan-borba-5570224(1)\"\/>\n                                <div class=\"gallery-item-overlay\">\n                                    <i class=\"opal-icon-plus\"><\/i>\n                                <\/div>\n                            <\/a>\n                        <\/div>\n                                                <div class=\"column-item grid__item masonry-item __all gallery_group_3\">\n                            <a data-elementor-open-lightbox=\"no\"                                href=\"https:\/\/sadadevelop.com\/wp-content\/uploads\/2023\/07\/pexels-ksenia-chernaya-6021777.jpg\">\n                                <img decoding=\"async\" src=\"https:\/\/sadadevelop.com\/wp-content\/uploads\/2023\/07\/pexels-ksenia-chernaya-6021777.jpg\"\n                                     alt=\"pexels-ksenia-chernaya-6021777\"\/>\n                                <div class=\"gallery-item-overlay\">\n                                    <i class=\"opal-icon-plus\"><\/i>\n                                <\/div>\n                            <\/a>\n                        <\/div>\n                                                <div class=\"column-item grid__item masonry-item __all gallery_group_3\">\n                            <a data-elementor-open-lightbox=\"no\"                                href=\"https:\/\/sadadevelop.com\/wp-content\/uploads\/2023\/07\/pexels-ksenia-chernaya-5806989.jpg\">\n                                <img decoding=\"async\" src=\"https:\/\/sadadevelop.com\/wp-content\/uploads\/2023\/07\/pexels-ksenia-chernaya-5806989.jpg\"\n                                     alt=\"pexels-ksenia-chernaya-5806989\"\/>\n                                <div class=\"gallery-item-overlay\">\n                                    <i class=\"opal-icon-plus\"><\/i>\n                                <\/div>\n                            <\/a>\n                        <\/div>\n                                    <\/div> \n        <\/div>\n\n        \t\t\t\t<\/div>\n\t\t\t\t<\/div>\n\t\t\t\t\t<\/div>\n\t\t<\/div>\n\t\t\t\t\t<\/div>\n\t\t<\/section>\n\t\t\t\t\t<\/div>\n\t\t<\/div>\n\t\t\t\t\t<\/div>\n\t\t<\/section>\n\t\t\t\t<\/div>\n\t\t","protected":false},"excerpt":{"rendered":"<p>portfolio<\/p>\n","protected":false},"author":1,"featured_media":0,"parent":0,"menu_order":0,"comment_status":"closed","ping_status":"closed","template":"elementor_header_footer","meta":{"inline_featured_image":false,"footnotes":""},"class_list":["post-4812","page","type-page","status-publish","hentry"],"_links":{"self":[{"href":"https:\/\/sadadevelop.com\/en\/wp-json\/wp\/v2\/pages\/4812","targetHints":{"allow":["GET"]}}],"collection":[{"href":"https:\/\/sadadevelop.com\/en\/wp-json\/wp\/v2\/pages"}],"about":[{"href":"https:\/\/sadadevelop.com\/en\/wp-json\/wp\/v2\/types\/page"}],"author":[{"embeddable":true,"href":"https:\/\/sadadevelop.com\/en\/wp-json\/wp\/v2\/users\/1"}],"replies":[{"embeddable":true,"href":"https:\/\/sadadevelop.com\/en\/wp-json\/wp\/v2\/comments?post=4812"}],"version-history":[{"count":6,"href":"https:\/\/sadadevelop.com\/en\/wp-json\/wp\/v2\/pages\/4812\/revisions"}],"predecessor-version":[{"id":4989,"href":"https:\/\/sadadevelop.com\/en\/wp-json\/wp\/v2\/pages\/4812\/revisions\/4989"}],"wp:attachment":[{"href":"https:\/\/sadadevelop.com\/en\/wp-json\/wp\/v2\/media?parent=4812"}],"curies":[{"name":"wp","href":"https:\/\/api.w.org\/{rel}","templated":true}]}}